{"id":12301,"date":"2015-04-29T18:03:10","date_gmt":"2015-04-29T16:03:10","guid":{"rendered":"https:\/\/www.euromac-srl.it\/euromac-america-latina-2\/"},"modified":"2025-07-08T15:31:31","modified_gmt":"2025-07-08T13:31:31","slug":"euromac-america-latina","status":"publish","type":"page","link":"https:\/\/www.euromac-srl.it\/pt-br\/euromac-america-latina\/","title":{"rendered":"Euromac Am\u00e9rica Latina"},"content":{"rendered":"<div class=\"fusion-fullwidth fullwidth-box fusion-builder-row-1 hundred-percent-fullwidth non-hundred-percent-height-scrolling\" style=\"--awb-border-radius-top-left:0px;--awb-border-radius-top-right:0px;--awb-border-radius-bottom-right:0px;--awb-border-radius-bottom-left:0px;--awb-overflow:visible;--awb-flex-wrap:wrap;\" ><div class=\"fusion-builder-row fusion-row\"><div class=\"fusion-layout-column fusion_builder_column fusion-builder-column-0 fusion_builder_column_1_4 1_4 fusion-one-fourth fusion-column-first\" style=\"--awb-bg-size:cover;width:22%; margin-right: 4%;\"><div class=\"fusion-column-wrapper fusion-flex-column-wrapper-legacy\"><div class=\"fusion-image-element fusion-image-align-center in-legacy-container\" style=\"text-align:center;--awb-caption-title-font-family:var(--h2_typography-font-family);--awb-caption-title-font-weight:var(--h2_typography-font-weight);--awb-caption-title-font-style:var(--h2_typography-font-style);--awb-caption-title-size:var(--h2_typography-font-size);--awb-caption-title-transform:var(--h2_typography-text-transform);--awb-caption-title-line-height:var(--h2_typography-line-height);--awb-caption-title-letter-spacing:var(--h2_typography-letter-spacing);\"><div class=\"imageframe-align-center\"><span class=\" fusion-imageframe imageframe-none imageframe-1 hover-type-none\"><img decoding=\"async\" src=\"https:\/\/www.euromac-srl.it\/wp-content\/uploads\/2015\/04\/world.png\" alt class=\"img-responsive\"\/><\/span><\/div><\/div><div class=\"fusion-sep-clear\"><\/div><div class=\"fusion-separator fusion-full-width-sep\" style=\"margin-left: auto;margin-right: auto;margin-top:25px;margin-bottom:25px;width:100%;\"><\/div><div class=\"fusion-sep-clear\"><\/div><div class=\"fusion-image-element fusion-image-align-center in-legacy-container\" style=\"text-align:center;--awb-caption-title-font-family:var(--h2_typography-font-family);--awb-caption-title-font-weight:var(--h2_typography-font-weight);--awb-caption-title-font-style:var(--h2_typography-font-style);--awb-caption-title-size:var(--h2_typography-font-size);--awb-caption-title-transform:var(--h2_typography-text-transform);--awb-caption-title-line-height:var(--h2_typography-line-height);--awb-caption-title-letter-spacing:var(--h2_typography-letter-spacing);\"><div class=\"imageframe-align-center\"><span class=\" fusion-imageframe imageframe-none imageframe-2 hover-type-none\"><img decoding=\"async\" src=\"https:\/\/www.euromac-srl.it\/wp-content\/uploads\/2015\/04\/Mercosul_res.jpg\" alt class=\"img-responsive\"\/><\/span><\/div><\/div><div class=\"fusion-clearfix\"><\/div><\/div><\/div><div class=\"fusion-layout-column fusion_builder_column fusion-builder-column-1 fusion_builder_column_1_2 1_2 fusion-one-half\" style=\"--awb-bg-size:cover;width:48%; margin-right: 4%;\"><div class=\"fusion-column-wrapper fusion-flex-column-wrapper-legacy\"><div class=\"fusion-title title fusion-title-1 sep-underline sep-solid fusion-title-text fusion-title-size-two\" style=\"--awb-sep-color:#009c37;\"><h2 class=\"fusion-title-heading title-heading-left\" style=\"margin:0;\">EUROMAC<\/h2><\/div><div class=\"fusion-text fusion-text-1\"><p class=\"p1\"><span class=\"s1\">No Brasil, na cidade de Guaramirim no Estado de Santa Catarina, em setembro de 2014 foi inaugurada a<\/span> <span class=\"s1\">f\u00e1brica, onde s\u00e3o fabricados todos os equipamentos de nossa produ\u00e7\u00e3o na It\u00e1lia.<\/span><\/p>\n<p class=\"p1\"><span class=\"s1\">Para nossos clientes na Am\u00e9rica Latina s\u00e3o garantidos os servi\u00e7os de assist\u00eancia e suporte t\u00e9cnico e pe\u00e7as de reposi\u00e7\u00e3o.<\/span><\/p>\n<\/div><div class=\"fusion-clearfix\"><\/div><\/div><\/div><div class=\"fusion-layout-column fusion_builder_column fusion-builder-column-2 fusion_builder_column_1_4 1_4 fusion-one-fourth fusion-column-last\" style=\"--awb-bg-size:cover;width:22%;\"><div class=\"fusion-column-wrapper fusion-flex-column-wrapper-legacy\"><div class=\"fusion-image-element fusion-image-align-center in-legacy-container\" style=\"text-align:center;--awb-caption-title-font-family:var(--h2_typography-font-family);--awb-caption-title-font-weight:var(--h2_typography-font-weight);--awb-caption-title-font-style:var(--h2_typography-font-style);--awb-caption-title-size:var(--h2_typography-font-size);--awb-caption-title-transform:var(--h2_typography-text-transform);--awb-caption-title-line-height:var(--h2_typography-line-height);--awb-caption-title-letter-spacing:var(--h2_typography-letter-spacing);\"><div class=\"imageframe-align-center\"><span class=\" fusion-imageframe imageframe-none imageframe-3 hover-type-none\"><img decoding=\"async\" src=\"https:\/\/www.euromac-srl.it\/wp-content\/uploads\/2015\/05\/logo_Euromac-LA.png\" alt class=\"img-responsive\"\/><\/span><\/div><\/div><div class=\"fusion-sep-clear\"><\/div><div class=\"fusion-separator fusion-full-width-sep\" style=\"margin-left: auto;margin-right: auto;margin-top:20px;margin-bottom:20px;width:100%;\"><\/div><div class=\"fusion-sep-clear\"><\/div><div class=\"fusion-text fusion-text-2\"><p class=\"p1\"><strong>Euromac Am\u00e9rica Latina Ltda.<\/strong><br \/>\nRodovia do Arroz SC 108, n\u00ba 8355, Km 19,7<br \/>\nBairro Serenata CEP 89.270-000<br \/>\nGuaramirim (SC) &#8211; Brasil<br \/>\nFone: +55 (47) 4101-1800 \/ 4101-2001<br \/>\nCelular: +55 (47) 99139-8113 \/ 99715-3700<br \/>\n<a href=\"mailto:diretoria@euromacamericalatina.com\">diretoria@euromacamericalatina.com<\/a><\/p>\n<\/div><div class=\"fusion-image-element fusion-image-align-center in-legacy-container\" style=\"text-align:center;--awb-caption-title-font-family:var(--h2_typography-font-family);--awb-caption-title-font-weight:var(--h2_typography-font-weight);--awb-caption-title-font-style:var(--h2_typography-font-style);--awb-caption-title-size:var(--h2_typography-font-size);--awb-caption-title-transform:var(--h2_typography-text-transform);--awb-caption-title-line-height:var(--h2_typography-line-height);--awb-caption-title-letter-spacing:var(--h2_typography-letter-spacing);\"><div class=\"imageframe-align-center\"><span class=\" fusion-imageframe imageframe-none imageframe-4 hover-type-none\"><img decoding=\"async\" src=\"https:\/\/www.euromac-srl.it\/wp-content\/uploads\/2015\/04\/abimaq_finame.jpg\" alt class=\"img-responsive\"\/><\/span><\/div><\/div><div class=\"fusion-clearfix\"><\/div><\/div><\/div><\/div><\/div>\n","protected":false},"excerpt":{"rendered":"","protected":false},"author":1,"featured_media":0,"parent":0,"menu_order":0,"comment_status":"closed","ping_status":"closed","template":"","meta":{"footnotes":""},"class_list":["post-12301","page","type-page","status-publish","hentry"],"_links":{"self":[{"href":"https:\/\/www.euromac-srl.it\/pt-br\/wp-json\/wp\/v2\/pages\/12301","targetHints":{"allow":["GET"]}}],"collection":[{"href":"https:\/\/www.euromac-srl.it\/pt-br\/wp-json\/wp\/v2\/pages"}],"about":[{"href":"https:\/\/www.euromac-srl.it\/pt-br\/wp-json\/wp\/v2\/types\/page"}],"author":[{"embeddable":true,"href":"https:\/\/www.euromac-srl.it\/pt-br\/wp-json\/wp\/v2\/users\/1"}],"replies":[{"embeddable":true,"href":"https:\/\/www.euromac-srl.it\/pt-br\/wp-json\/wp\/v2\/comments?post=12301"}],"version-history":[{"count":8,"href":"https:\/\/www.euromac-srl.it\/pt-br\/wp-json\/wp\/v2\/pages\/12301\/revisions"}],"predecessor-version":[{"id":13074,"href":"https:\/\/www.euromac-srl.it\/pt-br\/wp-json\/wp\/v2\/pages\/12301\/revisions\/13074"}],"wp:attachment":[{"href":"https:\/\/www.euromac-srl.it\/pt-br\/wp-json\/wp\/v2\/media?parent=12301"}],"curies":[{"name":"wp","href":"https:\/\/api.w.org\/{rel}","templated":true}]}}