{"id":12305,"date":"2012-07-30T23:32:32","date_gmt":"2012-07-30T21:32:32","guid":{"rendered":"https:\/\/www.euromac-srl.it\/home-3\/"},"modified":"2025-07-08T15:31:32","modified_gmt":"2025-07-08T13:31:32","slug":"home","status":"publish","type":"page","link":"https:\/\/www.euromac-srl.it\/pt-br\/","title":{"rendered":"Home"},"content":{"rendered":"<div class=\"fusion-fullwidth fullwidth-box fusion-builder-row-1 hundred-percent-fullwidth non-hundred-percent-height-scrolling\" style=\"--awb-border-radius-top-left:0px;--awb-border-radius-top-right:0px;--awb-border-radius-bottom-right:0px;--awb-border-radius-bottom-left:0px;--awb-overflow:visible;--awb-padding-right:20px;--awb-padding-left:20px;--awb-flex-wrap:wrap;\" ><div class=\"fusion-builder-row fusion-row\"><div class=\"fusion-layout-column fusion_builder_column fusion-builder-column-0 fusion_builder_column_1_2 1_2 fusion-one-half fusion-column-first\" style=\"--awb-bg-size:cover;width:48%; margin-right: 4%;\"><div class=\"fusion-column-wrapper fusion-flex-column-wrapper-legacy\"><div class=\"fusion-text fusion-text-1\"><p style=\"text-align: right; font-size: 16px;\">IMPIANTI E MACCHINE PER ANIMISTERIE E FONDERIE<\/p>\n<p style=\"text-align: right; font-size: 16px;\">INSTALLATIONS POUR FONDERIES ET ATELIERS DE NOYAUTAGE<\/p>\n<p style=\"text-align: right; font-size: 16px;\">INSTALA\u00c7\u00d5ES PARA FUNDI\u00c7\u00c3O E EQUIPAMENTOS PARA MACHARIA<\/p>\n<p style=\"text-align: right; font-size: 16px;\">NAPRAVE IN STROJI ZA JEDRARNE IN LIVARNE<\/p>\n<p style=\"text-align: right; font-size: 16px;\">UREDJAJI I MASINE ZA JEZGRARNE I LJEVAONICE<\/p>\n<\/div><div class=\"fusion-clearfix\"><\/div><\/div><\/div><div class=\"fusion-layout-column fusion_builder_column fusion-builder-column-1 fusion_builder_column_1_2 1_2 fusion-one-half fusion-column-last\" style=\"--awb-bg-size:cover;width:48%;\"><div class=\"fusion-column-wrapper fusion-flex-column-wrapper-legacy\"><div class=\"fusion-text fusion-text-2\"><p style=\"text-align: left; font-size: 16px;\">FOUNDRY PLANTS AND CORE SHOOTERS<\/p>\n<p style=\"text-align: left; font-size: 16px;\">GIESSEREIANLAGEN UND AUSR\u00dcSTUNGEN ZUR KERNFERTIGUNG<\/p>\n<p style=\"text-align: left; font-size: 16px;\">M\u00c1QUINAS Y EQUIPOS PARA FUNDICIONES<\/p>\n<p style=\"text-align: left; font-size: 16px;\">UREDJAJI I MASINE ZA JEZGRARNE I LIVNICE<\/p>\n<p style=\"text-align: left; font-size: 16px; font-weight: lighter;\">\u041b\u0418\u0422\u0415\u0419\u041d\u042b\u0415 \u0423\u0421\u0422\u0410\u041d\u041e\u0412\u041a\u0418 \u0418 \u041e\u0411\u041e\u0420\u0423\u0414\u041e\u0412\u0410\u041d\u0418\u0415 \u0414\u041b\u042f \u041f\u0420\u041e\u0418\u0417\u0412\u041e\u0414\u0421\u0422\u0412\u0410 \u0421\u0422\u0415\u0420\u0416\u041d\u0415\u0419<\/p>\n<\/div><div class=\"fusion-clearfix\"><\/div><\/div><\/div><div class=\"fusion-layout-column fusion_builder_column fusion-builder-column-2 fusion_builder_column_1_1 1_1 fusion-one-full fusion-column-first fusion-column-last fusion-column-no-min-height\" style=\"--awb-bg-size:cover;--awb-margin-bottom:0px;\"><div class=\"fusion-column-wrapper fusion-flex-column-wrapper-legacy\"><div class=\"fusion-sep-clear\"><\/div><div class=\"fusion-separator fusion-full-width-sep\" style=\"margin-left: auto;margin-right: auto;margin-bottom:15px;width:100%;\"><\/div><div class=\"fusion-sep-clear\"><\/div><div class=\"fusion-clearfix\"><\/div><\/div><\/div><div class=\"fusion-layout-column fusion_builder_column fusion-builder-column-3 fusion_builder_column_1_1 1_1 fusion-one-full fusion-column-first fusion-column-last\" style=\"--awb-bg-size:cover;--awb-margin-top:30px;--awb-margin-bottom:60px;\"><div class=\"fusion-column-wrapper fusion-flex-column-wrapper-legacy\"><div class=\"fusion-image-element fusion-image-align-center in-legacy-container\" style=\"text-align:center;--awb-caption-title-font-family:var(--h2_typography-font-family);--awb-caption-title-font-weight:var(--h2_typography-font-weight);--awb-caption-title-font-style:var(--h2_typography-font-style);--awb-caption-title-size:var(--h2_typography-font-size);--awb-caption-title-transform:var(--h2_typography-text-transform);--awb-caption-title-line-height:var(--h2_typography-line-height);--awb-caption-title-letter-spacing:var(--h2_typography-letter-spacing);\"><div class=\"imageframe-align-center\"><span class=\" fusion-imageframe imageframe-none imageframe-1 hover-type-none\"><img decoding=\"async\" src=\"https:\/\/www.euromac-srl.it\/wp-content\/uploads\/2012\/07\/Euromac_-_Logo_55-_anni_-_2019.jpg\" alt class=\"img-responsive\"\/><\/span><\/div><\/div><div class=\"fusion-clearfix\"><\/div><\/div><\/div><\/div><\/div>\n","protected":false},"excerpt":{"rendered":"","protected":false},"author":1,"featured_media":0,"parent":0,"menu_order":0,"comment_status":"open","ping_status":"closed","template":"100-width.php","meta":{"footnotes":""},"class_list":["post-12305","page","type-page","status-publish","hentry"],"_links":{"self":[{"href":"https:\/\/www.euromac-srl.it\/pt-br\/wp-json\/wp\/v2\/pages\/12305","targetHints":{"allow":["GET"]}}],"collection":[{"href":"https:\/\/www.euromac-srl.it\/pt-br\/wp-json\/wp\/v2\/pages"}],"about":[{"href":"https:\/\/www.euromac-srl.it\/pt-br\/wp-json\/wp\/v2\/types\/page"}],"author":[{"embeddable":true,"href":"https:\/\/www.euromac-srl.it\/pt-br\/wp-json\/wp\/v2\/users\/1"}],"replies":[{"embeddable":true,"href":"https:\/\/www.euromac-srl.it\/pt-br\/wp-json\/wp\/v2\/comments?post=12305"}],"version-history":[{"count":5,"href":"https:\/\/www.euromac-srl.it\/pt-br\/wp-json\/wp\/v2\/pages\/12305\/revisions"}],"predecessor-version":[{"id":13167,"href":"https:\/\/www.euromac-srl.it\/pt-br\/wp-json\/wp\/v2\/pages\/12305\/revisions\/13167"}],"wp:attachment":[{"href":"https:\/\/www.euromac-srl.it\/pt-br\/wp-json\/wp\/v2\/media?parent=12305"}],"curies":[{"name":"wp","href":"https:\/\/api.w.org\/{rel}","templated":true}]}}