{"id":12317,"date":"2015-05-04T18:46:08","date_gmt":"2015-05-04T16:46:08","guid":{"rendered":"https:\/\/www.euromac-srl.it\/sterratore-anime-2\/"},"modified":"2025-07-08T15:31:30","modified_gmt":"2025-07-08T13:31:30","slug":"destorroadores-para-machos","status":"publish","type":"page","link":"https:\/\/www.euromac-srl.it\/pt-br\/destorroadores-para-machos\/","title":{"rendered":"Destorroadores para machos"},"content":{"rendered":"<div class=\"fusion-fullwidth fullwidth-box fusion-builder-row-1 hundred-percent-fullwidth non-hundred-percent-height-scrolling\" style=\"--awb-border-radius-top-left:0px;--awb-border-radius-top-right:0px;--awb-border-radius-bottom-right:0px;--awb-border-radius-bottom-left:0px;--awb-overflow:visible;--awb-flex-wrap:wrap;\" ><div class=\"fusion-builder-row fusion-row\"><div class=\"fusion-layout-column fusion_builder_column fusion-builder-column-0 fusion_builder_column_1_1 1_1 fusion-one-full fusion-column-first fusion-column-last\" style=\"--awb-bg-size:cover;\"><div class=\"fusion-column-wrapper fusion-flex-column-wrapper-legacy\"><div class=\"fusion-title title fusion-title-1 fusion-sep-none fusion-title-text fusion-title-size-one\"><h1 class=\"fusion-title-heading title-heading-left\" style=\"margin:0;\">Destorroadores para machos<\/h1><\/div><div class=\"fusion-sep-clear\"><\/div><div class=\"fusion-separator fusion-full-width-sep\" style=\"margin-left: auto;margin-right: auto;margin-top:50px;width:100%;\"><\/div><div class=\"fusion-sep-clear\"><\/div><div class=\"fusion-clearfix\"><\/div><\/div><\/div><div class=\"fusion-layout-column fusion_builder_column fusion-builder-column-1 fusion_builder_column_1_2 1_2 fusion-one-half fusion-column-first\" style=\"--awb-bg-size:cover;width:48%; margin-right: 4%;\"><div class=\"fusion-column-wrapper fusion-flex-column-wrapper-legacy\"><div class=\"fusion-title title fusion-title-2 sep-underline sep-solid fusion-title-text fusion-title-size-two\" style=\"--awb-sep-color:#009c37;\"><h2 class=\"fusion-title-heading title-heading-left\" style=\"margin:0;\">ECOSTERR 2000<\/h2><\/div><div class=\"fusion-text fusion-text-1\"><p class=\"p1\"><span class=\"s1\">ECOSTERR 2000 \u00e9 um equipamento estudado e projetado para remover os machos dos fundidos de alum\u00ednio, por meio de uma vibra\u00e7\u00e3o especial junto com um basculamento.<\/span><\/p>\n<p class=\"p1\"><span class=\"s1\">A m\u00e1quina est\u00e1 equipada com uma pin\u00e7a para agarrar as pe\u00e7as com um sistema<span class=\"Apple-converted-space\">\u00a0 <\/span>universal,<span class=\"Apple-converted-space\">\u00a0 <\/span>adequado para bloquear qualquer tipo de fundido.<span class=\"Apple-converted-space\">\u00a0 <\/span>\u00c9 previsto tamb\u00e9m um basculamento da pe\u00e7a em v\u00e1rias posi\u00e7\u00f5es junto com a vibra\u00e7\u00e3o.\u00a0<\/span><\/p>\n<p class=\"p1\"><span class=\"s1\">ECOSTERR 2000 elimina completamente a interven\u00e7\u00e3o do operador para executar a \u201cdesmachadura\u201d, com as vantagens seguintes: <\/span><\/p>\n<p class=\"p1\"><span class=\"s1\">1. A elimina\u00e7\u00e3o<span class=\"Apple-converted-space\">\u00a0 <\/span>do<span class=\"Apple-converted-space\">\u00a0 <\/span>ru\u00eddo; <\/span><\/p>\n<p class=\"p1\"><span class=\"s1\">2. Elimina\u00e7\u00e3o dos efeitos prejudiciais para o operador causados da vibra\u00e7\u00e3o realizada com sistema manuais; <\/span><\/p>\n<p class=\"p1\"><span class=\"s1\">3. Retorno aos par\u00e1metros impostos pelas Normas vigentes em termos de seguran\u00e7a, higiene, ru\u00eddo e prote\u00e7\u00e3o ambiental; <\/span><\/p>\n<p class=\"p1\"><span class=\"s1\">4. Recupera\u00e7\u00e3o das areias e p\u00f3s que resultam da opera\u00e7\u00e3o de \u201cdesmachadura\u201d.<\/span><\/p>\n<\/div><div class=\"fusion-clearfix\"><\/div><\/div><\/div><div class=\"fusion-layout-column fusion_builder_column fusion-builder-column-2 fusion_builder_column_1_2 1_2 fusion-one-half fusion-column-last\" style=\"--awb-bg-size:cover;width:48%;\"><div class=\"fusion-column-wrapper fusion-flex-column-wrapper-legacy\"><div class=\"fusion-image-carousel fusion-image-carousel-fixed fusion-image-carousel-1 lightbox-enabled\"><div class=\"awb-carousel awb-swiper awb-swiper-carousel awb-swiper-dots-position-bottom awb-carousel--carousel\" data-layout=\"carousel\" data-autoplay=\"no\" data-autoplayspeed=\"2500\" data-autoplaypause=\"no\" data-columns=\"1\" data-itemmargin=\"13\" data-itemwidth=\"180\" data-touchscroll=\"drag\" data-freemode=\"no\" data-imagesize=\"fixed\" data-scrollitems=\"0\" data-centeredslides=\"no\" data-rotationangle=\"50\" data-depth=\"100\" data-speed=\"500\" data-shadow=\"no\" style=\"--awb-columns:1;\"><div class=\"swiper-wrapper awb-image-carousel-wrapper fusion-flex-align-items-center\"><div class=\"swiper-slide\"><div class=\"fusion-carousel-item-wrapper\"><div class=\"fusion-image-wrapper hover-type-none\"><img decoding=\"async\" src=\"https:\/\/www.euromac-srl.it\/wp-content\/uploads\/2015\/05\/sterratore.jpg\" alt=\"\"\/><\/div><\/div><\/div><div class=\"swiper-slide\"><div class=\"fusion-carousel-item-wrapper\"><div class=\"fusion-image-wrapper hover-type-none\"><img decoding=\"async\" src=\"https:\/\/www.euromac-srl.it\/wp-content\/uploads\/2015\/05\/sterratore2.jpg\" alt=\"\"\/><\/div><\/div><\/div><div class=\"swiper-slide\"><div class=\"fusion-carousel-item-wrapper\"><div class=\"fusion-image-wrapper hover-type-none\"><img decoding=\"async\" src=\"https:\/\/www.euromac-srl.it\/wp-content\/uploads\/2015\/05\/sterratore3.jpg\" alt=\"\"\/><\/div><\/div><\/div><div class=\"swiper-slide\"><div class=\"fusion-carousel-item-wrapper\"><div class=\"fusion-image-wrapper hover-type-none\"><img decoding=\"async\" src=\"https:\/\/www.euromac-srl.it\/wp-content\/uploads\/2015\/05\/sterratore4.jpg\" alt=\"\"\/><\/div><\/div><\/div><\/div><div class=\"awb-swiper-button awb-swiper-button-prev\"><i class=\"awb-icon-angle-left\" aria-hidden=\"true\"><\/i><\/div><div class=\"awb-swiper-button awb-swiper-button-next\"><i class=\"awb-icon-angle-right\" aria-hidden=\"true\"><\/i><\/div><\/div><\/div><div class=\"fusion-clearfix\"><\/div><\/div><\/div><\/div><\/div>\n","protected":false},"excerpt":{"rendered":"","protected":false},"author":1,"featured_media":0,"parent":0,"menu_order":0,"comment_status":"closed","ping_status":"closed","template":"","meta":{"footnotes":""},"class_list":["post-12317","page","type-page","status-publish","hentry"],"_links":{"self":[{"href":"https:\/\/www.euromac-srl.it\/pt-br\/wp-json\/wp\/v2\/pages\/12317","targetHints":{"allow":["GET"]}}],"collection":[{"href":"https:\/\/www.euromac-srl.it\/pt-br\/wp-json\/wp\/v2\/pages"}],"about":[{"href":"https:\/\/www.euromac-srl.it\/pt-br\/wp-json\/wp\/v2\/types\/page"}],"author":[{"embeddable":true,"href":"https:\/\/www.euromac-srl.it\/pt-br\/wp-json\/wp\/v2\/users\/1"}],"replies":[{"embeddable":true,"href":"https:\/\/www.euromac-srl.it\/pt-br\/wp-json\/wp\/v2\/comments?post=12317"}],"version-history":[{"count":3,"href":"https:\/\/www.euromac-srl.it\/pt-br\/wp-json\/wp\/v2\/pages\/12317\/revisions"}],"predecessor-version":[{"id":13062,"href":"https:\/\/www.euromac-srl.it\/pt-br\/wp-json\/wp\/v2\/pages\/12317\/revisions\/13062"}],"wp:attachment":[{"href":"https:\/\/www.euromac-srl.it\/pt-br\/wp-json\/wp\/v2\/media?parent=12317"}],"curies":[{"name":"wp","href":"https:\/\/api.w.org\/{rel}","templated":true}]}}