{"id":12327,"date":"2015-05-04T17:05:48","date_gmt":"2015-05-04T15:05:48","guid":{"rendered":"https:\/\/www.euromac-srl.it\/produtos-2\/"},"modified":"2025-07-08T15:31:31","modified_gmt":"2025-07-08T13:31:31","slug":"produtos","status":"publish","type":"page","link":"https:\/\/www.euromac-srl.it\/pt-br\/produtos\/","title":{"rendered":"Produtos"},"content":{"rendered":"<div class=\"fusion-fullwidth fullwidth-box fusion-builder-row-1 hundred-percent-fullwidth non-hundred-percent-height-scrolling\" style=\"--awb-border-radius-top-left:0px;--awb-border-radius-top-right:0px;--awb-border-radius-bottom-right:0px;--awb-border-radius-bottom-left:0px;--awb-overflow:visible;--awb-flex-wrap:wrap;\" ><div class=\"fusion-builder-row fusion-row\"><div class=\"fusion-layout-column fusion_builder_column fusion-builder-column-0 fusion_builder_column_3_4 3_4 fusion-three-fourth fusion-column-first\" style=\"--awb-bg-size:cover;width:74%; margin-right: 4%;\"><div class=\"fusion-column-wrapper fusion-flex-column-wrapper-legacy\"><div class=\"fusion-title title fusion-title-1 sep-underline sep-solid fusion-title-text fusion-title-size-two\" style=\"--awb-sep-color:#009c37;\"><h2 class=\"fusion-title-heading title-heading-left\" style=\"margin:0;\">Programa de produ\u00e7\u00e3o<\/h2><\/div><ul style=\"--awb-size:13px;--awb-iconcolor:#009c37;--awb-line-height:22.1px;--awb-icon-width:22.1px;--awb-icon-height:22.1px;--awb-icon-margin:9.1px;--awb-content-margin:31.2px;\" class=\"fusion-checklist fusion-checklist-1 fusion-checklist-default type-icons\"><li class=\"fusion-li-item\" style=\"\"><span class=\"icon-wrapper circle-no\"><i class=\"fusion-li-icon fa fa-bars\" aria-hidden=\"true\"><\/i><\/span><div class=\"fusion-li-item-content\">Instala\u00e7\u00f5es autom\u00e1ticas e semiautom\u00e1ticas de moldagem em areia verde<\/div><\/li><li class=\"fusion-li-item\" style=\"\"><span class=\"icon-wrapper circle-no\"><i class=\"fusion-li-icon fa fa-bars\" aria-hidden=\"true\"><\/i><\/span><div class=\"fusion-li-item-content\">M\u00e1quinas hidr\u00e1ulicas de moldagem com cabe\u00e7ote m\u00faltiplo micro pist\u00f5es<\/div><\/li><li class=\"fusion-li-item\" style=\"\"><span class=\"icon-wrapper circle-no\"><i class=\"fusion-li-icon fa fa-bars\" aria-hidden=\"true\"><\/i><\/span><div class=\"fusion-li-item-content\">Sopradoras de machos e moldes, processos: Cold Box, Hot Box, Shell, Croning, Inorg\u00e2nico, Silicato<\/div><\/li><li class=\"fusion-li-item\" style=\"\"><span class=\"icon-wrapper circle-no\"><i class=\"fusion-li-icon fa fa-bars\" aria-hidden=\"true\"><\/i><\/span><div class=\"fusion-li-item-content\">M\u00e1quinas Sopradoras Shell Casca<\/div><\/li><li class=\"fusion-li-item\" style=\"\"><span class=\"icon-wrapper circle-no\"><i class=\"fusion-li-icon fa fa-bars\" aria-hidden=\"true\"><\/i><\/span><div class=\"fusion-li-item-content\">Instala\u00e7\u00f5es de prepara\u00e7\u00e3o de areia para macharia<\/div><\/li><li class=\"fusion-li-item\" style=\"\"><span class=\"icon-wrapper circle-no\"><i class=\"fusion-li-icon fa fa-bars\" aria-hidden=\"true\"><\/i><\/span><div class=\"fusion-li-item-content\">Equipamentos de transporte, transfer\u00eancia, tratamento e vazamento de metais<\/div><\/li><li class=\"fusion-li-item\" style=\"\"><span class=\"icon-wrapper circle-no\"><i class=\"fusion-li-icon fa fa-bars\" aria-hidden=\"true\"><\/i><\/span><div class=\"fusion-li-item-content\">Instala\u00e7\u00f5es de dosagem e prepara\u00e7\u00e3o automatizada de Ferroligas<\/div><\/li><li class=\"fusion-li-item\" style=\"\"><span class=\"icon-wrapper circle-no\"><i class=\"fusion-li-icon fa fa-bars\" aria-hidden=\"true\"><\/i><\/span><div class=\"fusion-li-item-content\">Esta\u00e7\u00f5es de tratamento para modulariza\u00e7\u00e3o com arame tubolar<\/div><\/li><li class=\"fusion-li-item\" style=\"\"><span class=\"icon-wrapper circle-no\"><i class=\"fusion-li-icon fa fa-bars\" aria-hidden=\"true\"><\/i><\/span><div class=\"fusion-li-item-content\">Sistemas de prepara\u00e7\u00e3o de carga e alimenta\u00e7\u00e3o de fornos a Indu\u00e7\u00e3o e Cubil\u00f4<\/div><\/li><li class=\"fusion-li-item\" style=\"\"><span class=\"icon-wrapper circle-no\"><i class=\"fusion-li-icon fa fa-bars\" aria-hidden=\"true\"><\/i><\/span><div class=\"fusion-li-item-content\">Instala\u00e7\u00f5es de moldagem para processo em areia resina. (Cura a Frio)<\/div><\/li><li class=\"fusion-li-item\" style=\"\"><span class=\"icon-wrapper circle-no\"><i class=\"fusion-li-icon fa fa-bars\" aria-hidden=\"true\"><\/i><\/span><div class=\"fusion-li-item-content\">Equipamentos de pintura e estufas de cura e secagem<\/div><\/li><li class=\"fusion-li-item\" style=\"\"><span class=\"icon-wrapper circle-no\"><i class=\"fusion-li-icon fa fa-bars\" aria-hidden=\"true\"><\/i><\/span><div class=\"fusion-li-item-content\">M\u00e1quinas de Fundi\u00e7\u00e3o por Baixa Press\u00e3o &#8211; Linha BP TECH<\/div><\/li><li class=\"fusion-li-item\" style=\"\"><span class=\"icon-wrapper circle-no\"><i class=\"fusion-li-icon fa fa-bars\" aria-hidden=\"true\"><\/i><\/span><div class=\"fusion-li-item-content\">Equipamento de fundi\u00e7\u00e3o de forjamento l\u00edquido &#8211; LLPF<\/div><\/li><li class=\"fusion-li-item\" style=\"\"><span class=\"icon-wrapper circle-no\"><i class=\"fusion-li-icon fa fa-bars\" aria-hidden=\"true\"><\/i><\/span><div class=\"fusion-li-item-content\">Destorroadores autom\u00e1ticos para machos em pe\u00e7as de alum\u00ednio<\/div><\/li><li class=\"fusion-li-item\" style=\"\"><span class=\"icon-wrapper circle-no\"><i class=\"fusion-li-icon fa fa-bars\" aria-hidden=\"true\"><\/i><\/span><div class=\"fusion-li-item-content\">Equipamentos de rebarba\u00e7\u00e3o<\/div><\/li><\/ul><div class=\"fusion-clearfix\"><\/div><\/div><\/div><div class=\"fusion-layout-column fusion_builder_column fusion-builder-column-1 fusion_builder_column_1_4 1_4 fusion-one-fourth fusion-column-last\" style=\"--awb-bg-size:cover;width:22%;\"><div class=\"fusion-column-wrapper fusion-flex-column-wrapper-legacy\"><div class=\"fusion-title title fusion-title-2 sep-underline sep-solid fusion-title-text fusion-title-size-two\" style=\"--awb-sep-color:#009c37;\"><h2 class=\"fusion-title-heading title-heading-left\" style=\"margin:0;\">Download PDF<\/h2><\/div><ul style=\"--awb-size:13px;--awb-iconcolor:#009c37;--awb-line-height:22.1px;--awb-icon-width:22.1px;--awb-icon-height:22.1px;--awb-icon-margin:9.1px;--awb-content-margin:31.2px;\" class=\"fusion-checklist fusion-checklist-2 fusion-checklist-default type-icons\"><li class=\"fusion-li-item\" style=\"\"><span class=\"icon-wrapper circle-no\"><i class=\"fusion-li-icon fa fa-download\" aria-hidden=\"true\"><\/i><\/span><div class=\"fusion-li-item-content\"><a href=\"https:\/\/www.euromac-srl.it\/wp-content\/uploads\/2020\/11\/Euromac_-_SPB_-_A4_-_2019.pdf\" target=\"_blank\">Euromac-SPB<\/a><\/div><\/li><li class=\"fusion-li-item\" style=\"\"><span class=\"icon-wrapper circle-no\"><i class=\"fusion-li-icon fa fa-download\" aria-hidden=\"true\"><\/i><\/span><div class=\"fusion-li-item-content\"><a href=\"https:\/\/www.euromac-srl.it\/wp-content\/uploads\/2020\/11\/Euromac_-_DDS_-_A4_-_2019.pdf\" target=\"_blank\">Euromac-DDS<\/a><\/div><\/li><li class=\"fusion-li-item\" style=\"\"><span class=\"icon-wrapper circle-no\"><i class=\"fusion-li-icon fa fa-download\" aria-hidden=\"true\"><\/i><\/span><div class=\"fusion-li-item-content\"><a href=\"https:\/\/www.euromac-srl.it\/wp-content\/uploads\/2015\/05\/programma-di-produzione.pdf\" target=\"_blank\">Programa de produ\u00e7\u00e3o<\/a><\/div><\/li><li class=\"fusion-li-item\" style=\"\"><span class=\"icon-wrapper circle-no\"><i class=\"fusion-li-icon fa fa-download\" aria-hidden=\"true\"><\/i><\/span><div class=\"fusion-li-item-content\"><a href=\"https:\/\/www.euromac-srl.it\/wp-content\/uploads\/2015\/05\/Gas-generator-brochure.pdf\" target=\"_blank\">Gas generator<\/a><\/div><\/li><li class=\"fusion-li-item\" style=\"\"><span class=\"icon-wrapper circle-no\"><i class=\"fusion-li-icon fa fa-download\" aria-hidden=\"true\"><\/i><\/span><div class=\"fusion-li-item-content\">\n<p><a href=\"https:\/\/www.euromac-srl.it\/wp-content\/uploads\/2020\/11\/CATALOGO_GIFA_2019.pdf\" target=\"_blank\">Cat\u00e0logo Euromac 2019<\/a><\/p>\n<\/div><\/li><li class=\"fusion-li-item\" style=\"\"><span class=\"icon-wrapper circle-no\"><i class=\"fusion-li-icon fa fa-download\" aria-hidden=\"true\"><\/i><\/span><div class=\"fusion-li-item-content\"><a href=\"https:\/\/www.euromac-srl.it\/wp-content\/uploads\/2020\/11\/Euromac_-_3ante_5_lingue_-_2019.pdf\" target=\"_blank\">C\u00e0talogo 2019<\/a><\/div><\/li><li class=\"fusion-li-item\" style=\"\"><span class=\"icon-wrapper circle-no\"><i class=\"fusion-li-icon fa fa-download\" aria-hidden=\"true\"><\/i><\/span><div class=\"fusion-li-item-content\"><a href=\"https:\/\/www.euromac-srl.it\/wp-content\/uploads\/2020\/11\/Euroguss_-_2_ante-2.pdf\" target=\"_blank\">Euroguss<\/a><\/div><\/li><\/ul><div class=\"fusion-clearfix\"><\/div><\/div><\/div><div class=\"fusion-layout-column fusion_builder_column fusion-builder-column-2 fusion_builder_column_1_1 1_1 fusion-one-full fusion-column-first fusion-column-last hidden\" style=\"--awb-bg-size:cover;\"><div class=\"fusion-column-wrapper fusion-flex-column-wrapper-legacy\"><ul style=\"--awb-size:13px;--awb-iconcolor:#009c37;--awb-line-height:22.1px;--awb-icon-width:22.1px;--awb-icon-height:22.1px;--awb-icon-margin:9.1px;--awb-content-margin:31.2px;\" class=\"fusion-checklist fusion-checklist-3 fusion-checklist-default type-icons\"><li class=\"fusion-li-item\" style=\"\"><span class=\"icon-wrapper circle-no\"><i class=\"fusion-li-icon fa fa-bars\" aria-hidden=\"true\"><\/i><\/span><div class=\"fusion-li-item-content\">Instalac\u0327o\u0303es automa\u0301ticas e mecanizadas de moldagem em areia verde<\/div><\/li><li class=\"fusion-li-item\" style=\"\"><span class=\"icon-wrapper circle-no\"><i class=\"fusion-li-icon fa fa-bars\" aria-hidden=\"true\"><\/i><\/span><div class=\"fusion-li-item-content\">Sopradoras de machos para processos em Cold-Box, Hot-Box, Shell Moulding, Croning, Inorga\u0302nico<\/div><\/li><li class=\"fusion-li-item\" style=\"\"><span class=\"icon-wrapper circle-no\"><i class=\"fusion-li-icon fa fa-bars\" aria-hidden=\"true\"><\/i><\/span><div class=\"fusion-li-item-content\">Instalac\u0327o\u0303es de preparac\u0327a\u0303o de areia para macharia, Misturadores<\/div><\/li><li class=\"fusion-li-item\" style=\"\"><span class=\"icon-wrapper circle-no\"><i class=\"fusion-li-icon fa fa-bars\" aria-hidden=\"true\"><\/i><\/span><div class=\"fusion-li-item-content\">Equipamentos de transporte e tratamento de metais<\/div><\/li><li class=\"fusion-li-item\" style=\"\"><span class=\"icon-wrapper circle-no\"><i class=\"fusion-li-icon fa fa-bars\" aria-hidden=\"true\"><\/i><\/span><div class=\"fusion-li-item-content\">Ma\u0301quinas hidra\u0301ulicas de moldagem<\/div><\/li><li class=\"fusion-li-item\" style=\"\"><span class=\"icon-wrapper circle-no\"><i class=\"fusion-li-icon fa fa-bars\" aria-hidden=\"true\"><\/i><\/span><div class=\"fusion-li-item-content\">Sistemas de moldagem em areia qui\u0301mica fura\u0302nica e ureta\u0302nica, Misturadores<\/div><\/li><li class=\"fusion-li-item\" style=\"\"><span class=\"icon-wrapper circle-no\"><i class=\"fusion-li-icon fa fa-bars\" aria-hidden=\"true\"><\/i><\/span><div class=\"fusion-li-item-content\">Recuperadores de areia te\u0301rmico e meca\u0302nico para moldagem e macharia<\/div><\/li><li class=\"fusion-li-item\" style=\"\"><span class=\"icon-wrapper circle-no\"><i class=\"fusion-li-icon fa fa-bars\" aria-hidden=\"true\"><\/i><\/span><div class=\"fusion-li-item-content\">Equipamentos de jateamento de granalha<\/div><\/li><li class=\"fusion-li-item\" style=\"\"><span class=\"icon-wrapper circle-no\"><i class=\"fusion-li-icon fa fa-bars\" aria-hidden=\"true\"><\/i><\/span><div class=\"fusion-li-item-content\">Estac\u0327o\u0303es de tratamento para nodularizac\u0327a\u0303o de ferro fundido com arame tubular<\/div><\/li><li class=\"fusion-li-item\" style=\"\"><span class=\"icon-wrapper circle-no\"><i class=\"fusion-li-icon fa fa-bars\" aria-hidden=\"true\"><\/i><\/span><div class=\"fusion-li-item-content\">Equipamentos para o vazamanto<\/div><\/li><li class=\"fusion-li-item\" style=\"\"><span class=\"icon-wrapper circle-no\"><i class=\"fusion-li-icon fa fa-bars\" aria-hidden=\"true\"><\/i><\/span><div class=\"fusion-li-item-content\">Destorroadores automa\u0301ticos para machos<\/div><\/li><li class=\"fusion-li-item\" style=\"\"><span class=\"icon-wrapper circle-no\"><i class=\"fusion-li-icon fa fa-bars\" aria-hidden=\"true\"><\/i><\/span><div class=\"fusion-li-item-content\">Dispositivos de gastificac\u0327a\u0303o para qualquer processo<\/div><\/li><\/ul><div class=\"fusion-clearfix\"><\/div><\/div><\/div><div class=\"fusion-layout-column fusion_builder_column fusion-builder-column-3 fusion_builder_column_1_1 1_1 fusion-one-full fusion-column-first fusion-column-last fusion-column-no-min-height\" style=\"--awb-bg-size:cover;--awb-margin-bottom:0px;\"><div class=\"fusion-column-wrapper fusion-flex-column-wrapper-legacy\"><div class=\"fusion-sep-clear\"><\/div><div class=\"fusion-separator fusion-full-width-sep\" style=\"margin-left: auto;margin-right: auto;margin-top:55px;width:100%;\"><\/div><div class=\"fusion-sep-clear\"><\/div><div class=\"fusion-clearfix\"><\/div><\/div><\/div><div class=\"fusion-layout-column fusion_builder_column fusion-builder-column-4 fusion_builder_column_1_4 1_4 fusion-one-fourth fusion-column-first\" style=\"--awb-bg-size:cover;width:22%; margin-right: 4%;\"><div class=\"fusion-column-wrapper fusion-flex-column-wrapper-legacy\"><div class=\"fusion-image-element fusion-image-align-center in-legacy-container\" style=\"text-align:center;--awb-caption-title-font-family:var(--h2_typography-font-family);--awb-caption-title-font-weight:var(--h2_typography-font-weight);--awb-caption-title-font-style:var(--h2_typography-font-style);--awb-caption-title-size:var(--h2_typography-font-size);--awb-caption-title-transform:var(--h2_typography-text-transform);--awb-caption-title-line-height:var(--h2_typography-line-height);--awb-caption-title-letter-spacing:var(--h2_typography-letter-spacing);\"><div class=\"imageframe-align-center\"><span class=\" fusion-imageframe imageframe-dropshadow imageframe-1 hover-type-none\" style=\"-webkit-box-shadow: 3px 3px 7px rgba(0,0,0,0.3);box-shadow: 3px 3px 7px rgba(0,0,0,0.3);\"><a class=\"fusion-no-lightbox\" href=\"https:\/\/www.euromac-srl.it\/pt-br\/instalacoes-de-moldagem\/\" target=\"_self\"><img decoding=\"async\" alt=\"Impianti di formatura\" src=\"https:\/\/www.euromac-srl.it\/wp-content\/uploads\/2015\/05\/impianti_formatura_btn.jpg\" class=\"img-responsive\"\/><\/a><\/span><\/div><\/div><div class=\"fusion-sep-clear\"><\/div><div class=\"fusion-separator fusion-full-width-sep\" style=\"margin-left: auto;margin-right: auto;margin-top:20px;width:100%;\"><\/div><div class=\"fusion-sep-clear\"><\/div><div class=\"fusion-text fusion-text-1\"><h3 style=\"color: #009c37; text-align: center;\">Instala\u00e7\u00f5es de moldagem<\/h3>\n<\/div><div class=\"fusion-clearfix\"><\/div><\/div><\/div><div class=\"fusion-layout-column fusion_builder_column fusion-builder-column-5 fusion_builder_column_1_4 1_4 fusion-one-fourth\" style=\"--awb-bg-size:cover;width:22%; margin-right: 4%;\"><div class=\"fusion-column-wrapper fusion-flex-column-wrapper-legacy\"><div class=\"fusion-image-element fusion-image-align-center in-legacy-container\" style=\"text-align:center;--awb-caption-title-font-family:var(--h2_typography-font-family);--awb-caption-title-font-weight:var(--h2_typography-font-weight);--awb-caption-title-font-style:var(--h2_typography-font-style);--awb-caption-title-size:var(--h2_typography-font-size);--awb-caption-title-transform:var(--h2_typography-text-transform);--awb-caption-title-line-height:var(--h2_typography-line-height);--awb-caption-title-letter-spacing:var(--h2_typography-letter-spacing);\"><div class=\"imageframe-align-center\"><span class=\" fusion-imageframe imageframe-dropshadow imageframe-2 hover-type-none\" style=\"-webkit-box-shadow: 3px 3px 7px rgba(0,0,0,0.3);box-shadow: 3px 3px 7px rgba(0,0,0,0.3);\"><a class=\"fusion-no-lightbox\" href=\"https:\/\/www.euromac-srl.it\/pt-br\/equipamentos-para-macharia\/\" target=\"_self\"><img decoding=\"async\" alt=\"Macchine per animisterie\" src=\"https:\/\/www.euromac-srl.it\/wp-content\/uploads\/2015\/05\/macchine_animisterie_btn.jpg\" class=\"img-responsive\"\/><\/a><\/span><\/div><\/div><div class=\"fusion-sep-clear\"><\/div><div class=\"fusion-separator fusion-full-width-sep\" style=\"margin-left: auto;margin-right: auto;margin-top:20px;width:100%;\"><\/div><div class=\"fusion-sep-clear\"><\/div><div class=\"fusion-text fusion-text-2\"><h3 style=\"color: #009c37; text-align: center;\">Equipamentos para Macharia<\/h3>\n<\/div><div class=\"fusion-clearfix\"><\/div><\/div><\/div><div class=\"fusion-layout-column fusion_builder_column fusion-builder-column-6 fusion_builder_column_1_4 1_4 fusion-one-fourth\" style=\"--awb-bg-size:cover;width:22%; margin-right: 4%;\"><div class=\"fusion-column-wrapper fusion-flex-column-wrapper-legacy\"><div class=\"fusion-image-element fusion-image-align-center in-legacy-container\" style=\"text-align:center;--awb-caption-title-font-family:var(--h2_typography-font-family);--awb-caption-title-font-weight:var(--h2_typography-font-weight);--awb-caption-title-font-style:var(--h2_typography-font-style);--awb-caption-title-size:var(--h2_typography-font-size);--awb-caption-title-transform:var(--h2_typography-text-transform);--awb-caption-title-line-height:var(--h2_typography-line-height);--awb-caption-title-letter-spacing:var(--h2_typography-letter-spacing);\"><div class=\"imageframe-align-center\"><span class=\" fusion-imageframe imageframe-dropshadow imageframe-3 hover-type-none\" style=\"-webkit-box-shadow: 3px 3px 7px rgba(0,0,0,0.3);box-shadow: 3px 3px 7px rgba(0,0,0,0.3);\"><a class=\"fusion-no-lightbox\" href=\"https:\/\/www.euromac-srl.it\/pt-br\/transporte-tratamento-vazamanto-metais\/\" target=\"_self\"><img decoding=\"async\" alt=\"Trasferimento, trattamento metallo, colata\" src=\"https:\/\/www.euromac-srl.it\/wp-content\/uploads\/2015\/05\/trasferimento_metallo_btn.jpg\" class=\"img-responsive\"\/><\/a><\/span><\/div><\/div><div class=\"fusion-sep-clear\"><\/div><div class=\"fusion-separator fusion-full-width-sep\" style=\"margin-left: auto;margin-right: auto;margin-top:20px;width:100%;\"><\/div><div class=\"fusion-sep-clear\"><\/div><div class=\"fusion-text fusion-text-3\"><h3 style=\"color: #009c37; text-align: center;\">Equipamentos de transporte,tratamento e para o vazamanto de metais<\/h3>\n<\/div><div class=\"fusion-clearfix\"><\/div><\/div><\/div><div class=\"fusion-layout-column fusion_builder_column fusion-builder-column-7 fusion_builder_column_1_4 1_4 fusion-one-fourth fusion-column-last\" style=\"--awb-bg-size:cover;width:22%;\"><div class=\"fusion-column-wrapper fusion-flex-column-wrapper-legacy\"><div class=\"fusion-image-element fusion-image-align-center in-legacy-container\" style=\"text-align:center;--awb-caption-title-font-family:var(--h2_typography-font-family);--awb-caption-title-font-weight:var(--h2_typography-font-weight);--awb-caption-title-font-style:var(--h2_typography-font-style);--awb-caption-title-size:var(--h2_typography-font-size);--awb-caption-title-transform:var(--h2_typography-text-transform);--awb-caption-title-line-height:var(--h2_typography-line-height);--awb-caption-title-letter-spacing:var(--h2_typography-letter-spacing);\"><div class=\"imageframe-align-center\"><span class=\" fusion-imageframe imageframe-dropshadow imageframe-4 hover-type-none\" style=\"-webkit-box-shadow: 3px 3px 7px rgba(0,0,0,0.3);box-shadow: 3px 3px 7px rgba(0,0,0,0.3);\"><a class=\"fusion-no-lightbox\" href=\"https:\/\/www.euromac-srl.it\/pt-br\/destorroadores-para-machos\/\" target=\"_self\"><img decoding=\"async\" alt=\"Sterratore per anime\" src=\"https:\/\/www.euromac-srl.it\/wp-content\/uploads\/2015\/05\/sterratore_btn.jpg\" class=\"img-responsive\"\/><\/a><\/span><\/div><\/div><div class=\"fusion-sep-clear\"><\/div><div class=\"fusion-separator fusion-full-width-sep\" style=\"margin-left: auto;margin-right: auto;margin-top:20px;width:100%;\"><\/div><div class=\"fusion-sep-clear\"><\/div><div class=\"fusion-text fusion-text-4\"><h3 style=\"color: #009c37; text-align: center;\">Destorroadores para machos<\/h3>\n<\/div><div class=\"fusion-clearfix\"><\/div><\/div><\/div><div class=\"fusion-layout-column fusion_builder_column fusion-builder-column-8 fusion_builder_column_1_4 1_4 fusion-one-fourth fusion-column-first\" style=\"--awb-bg-size:cover;width:22%; margin-right: 4%;\"><div class=\"fusion-column-wrapper fusion-flex-column-wrapper-legacy\"><div class=\"fusion-image-element fusion-image-align-center in-legacy-container\" style=\"text-align:center;--awb-caption-title-font-family:var(--h2_typography-font-family);--awb-caption-title-font-weight:var(--h2_typography-font-weight);--awb-caption-title-font-style:var(--h2_typography-font-style);--awb-caption-title-size:var(--h2_typography-font-size);--awb-caption-title-transform:var(--h2_typography-text-transform);--awb-caption-title-line-height:var(--h2_typography-line-height);--awb-caption-title-letter-spacing:var(--h2_typography-letter-spacing);\"><div class=\"imageframe-align-center\"><span class=\" fusion-imageframe imageframe-dropshadow imageframe-5 hover-type-none\" style=\"-webkit-box-shadow: 3px 3px 7px rgba(0,0,0,0.3);box-shadow: 3px 3px 7px rgba(0,0,0,0.3);\"><a class=\"fusion-no-lightbox\" href=\"https:\/\/www.euromac-srl.it\/pt-br\/equipamentos-de-jateamento-de-granalha\/\" target=\"_self\"><img decoding=\"async\" alt=\"Equipamentos de jateamento de granalha\" src=\"https:\/\/www.euromac-srl.it\/wp-content\/uploads\/2015\/05\/equipamentos_jateamento_granalha_BTN.jpg\" class=\"img-responsive\"\/><\/a><\/span><\/div><\/div><div class=\"fusion-sep-clear\"><\/div><div class=\"fusion-separator fusion-full-width-sep\" style=\"margin-left: auto;margin-right: auto;margin-top:20px;width:100%;\"><\/div><div class=\"fusion-sep-clear\"><\/div><div class=\"fusion-text fusion-text-5\"><h3 style=\"color: #009c37; text-align: center;\">Equipamentos de jateamento de granalha<\/h3>\n<\/div><div class=\"fusion-clearfix\"><\/div><\/div><\/div><div class=\"fusion-layout-column fusion_builder_column fusion-builder-column-9 fusion_builder_column_1_4 1_4 fusion-one-fourth\" style=\"--awb-bg-size:cover;width:22%; margin-right: 4%;\"><div class=\"fusion-column-wrapper fusion-flex-column-wrapper-legacy\"><div class=\"fusion-image-element fusion-image-align-center in-legacy-container\" style=\"text-align:center;--awb-caption-title-font-family:var(--h2_typography-font-family);--awb-caption-title-font-weight:var(--h2_typography-font-weight);--awb-caption-title-font-style:var(--h2_typography-font-style);--awb-caption-title-size:var(--h2_typography-font-size);--awb-caption-title-transform:var(--h2_typography-text-transform);--awb-caption-title-line-height:var(--h2_typography-line-height);--awb-caption-title-letter-spacing:var(--h2_typography-letter-spacing);\"><div class=\"imageframe-align-center\"><span class=\" fusion-imageframe imageframe-dropshadow imageframe-6 hover-type-none\" style=\"-webkit-box-shadow: 3px 3px 7px rgba(0,0,0,0.3);box-shadow: 3px 3px 7px rgba(0,0,0,0.3);\"><a class=\"fusion-no-lightbox\" href=\"https:\/\/www.euromac-srl.it\/pt-br\/recuperadores-de-areia\/\" target=\"_self\"><img decoding=\"async\" alt=\"Recuperadores de areia\" src=\"https:\/\/www.euromac-srl.it\/wp-content\/uploads\/2015\/05\/recuperadores_areia_BTN.jpg\" class=\"img-responsive\"\/><\/a><\/span><\/div><\/div><div class=\"fusion-sep-clear\"><\/div><div class=\"fusion-separator fusion-full-width-sep\" style=\"margin-left: auto;margin-right: auto;margin-top:20px;width:100%;\"><\/div><div class=\"fusion-sep-clear\"><\/div><div class=\"fusion-text fusion-text-6\"><h3 style=\"color: #009c37; text-align: center;\">Recuperadores de areia<\/h3>\n<\/div><div class=\"fusion-clearfix\"><\/div><\/div><\/div><div class=\"fusion-layout-column fusion_builder_column fusion-builder-column-10 fusion_builder_column_1_4 1_4 fusion-one-fourth\" style=\"--awb-bg-size:cover;width:22%; margin-right: 4%;\"><div class=\"fusion-column-wrapper fusion-flex-column-wrapper-legacy\"><div class=\"fusion-image-element fusion-image-align-center in-legacy-container\" style=\"text-align:center;--awb-caption-title-font-family:var(--h2_typography-font-family);--awb-caption-title-font-weight:var(--h2_typography-font-weight);--awb-caption-title-font-style:var(--h2_typography-font-style);--awb-caption-title-size:var(--h2_typography-font-size);--awb-caption-title-transform:var(--h2_typography-text-transform);--awb-caption-title-line-height:var(--h2_typography-line-height);--awb-caption-title-letter-spacing:var(--h2_typography-letter-spacing);\"><div class=\"imageframe-align-center\"><span class=\" fusion-imageframe imageframe-dropshadow imageframe-7 hover-type-none\" style=\"-webkit-box-shadow: 3px 3px 7px rgba(0,0,0,0.3);box-shadow: 3px 3px 7px rgba(0,0,0,0.3);\"><a class=\"fusion-no-lightbox\" href=\"https:\/\/www.euromac-srl.it\/pt-br\/sistemas-de-moldagem-em-areia-quimica\/\" target=\"_self\"><img decoding=\"async\" alt=\"Sistemas de moldagem em areia quimica\" src=\"https:\/\/www.euromac-srl.it\/wp-content\/uploads\/2015\/05\/misturadires_continuo_BTN.jpg\" class=\"img-responsive\"\/><\/a><\/span><\/div><\/div><div class=\"fusion-sep-clear\"><\/div><div class=\"fusion-separator fusion-full-width-sep\" style=\"margin-left: auto;margin-right: auto;margin-top:20px;width:100%;\"><\/div><div class=\"fusion-sep-clear\"><\/div><div class=\"fusion-text fusion-text-7\"><h3 style=\"color: #009c37; text-align: center;\">Sistemas de moldagem em areia qu\u00edmica<\/h3>\n<\/div><div class=\"fusion-clearfix\"><\/div><\/div><\/div><\/div><\/div>\n","protected":false},"excerpt":{"rendered":"","protected":false},"author":1,"featured_media":0,"parent":0,"menu_order":0,"comment_status":"closed","ping_status":"closed","template":"","meta":{"footnotes":""},"class_list":["post-12327","page","type-page","status-publish","hentry"],"_links":{"self":[{"href":"https:\/\/www.euromac-srl.it\/pt-br\/wp-json\/wp\/v2\/pages\/12327","targetHints":{"allow":["GET"]}}],"collection":[{"href":"https:\/\/www.euromac-srl.it\/pt-br\/wp-json\/wp\/v2\/pages"}],"about":[{"href":"https:\/\/www.euromac-srl.it\/pt-br\/wp-json\/wp\/v2\/types\/page"}],"author":[{"embeddable":true,"href":"https:\/\/www.euromac-srl.it\/pt-br\/wp-json\/wp\/v2\/users\/1"}],"replies":[{"embeddable":true,"href":"https:\/\/www.euromac-srl.it\/pt-br\/wp-json\/wp\/v2\/comments?post=12327"}],"version-history":[{"count":24,"href":"https:\/\/www.euromac-srl.it\/pt-br\/wp-json\/wp\/v2\/pages\/12327\/revisions"}],"predecessor-version":[{"id":13065,"href":"https:\/\/www.euromac-srl.it\/pt-br\/wp-json\/wp\/v2\/pages\/12327\/revisions\/13065"}],"wp:attachment":[{"href":"https:\/\/www.euromac-srl.it\/pt-br\/wp-json\/wp\/v2\/media?parent=12327"}],"curies":[{"name":"wp","href":"https:\/\/api.w.org\/{rel}","templated":true}]}}